{"id":1296,"date":"2022-06-23T14:22:33","date_gmt":"2022-06-23T14:22:33","guid":{"rendered":"https:\/\/startersites.io\/stagingtwo\/?page_id=1296"},"modified":"2025-01-09T12:58:12","modified_gmt":"2025-01-09T04:58:12","slug":"sobre","status":"publish","type":"page","link":"https:\/\/rpegroup.eu\/pt\/sobre","title":{"rendered":"Sobre"},"content":{"rendered":"<div data-elementor-type=\"wp-page\" data-elementor-id=\"1296\" class=\"elementor elementor-1296\" data-elementor-post-type=\"page\">\n\t\t\t\t<div class=\"elementor-element elementor-element-7a1c244 e-con-full e-flex e-con e-parent\" data-id=\"7a1c244\" data-element_type=\"container\" data-settings=\"{&quot;background_background&quot;:&quot;classic&quot;}\">\n\t\t\t\t<div class=\"elementor-element elementor-element-be3effb elementor-widget__width-initial elementor-widget-mobile__width-inherit elementor-widget elementor-widget-heading\" data-id=\"be3effb\" data-element_type=\"widget\" data-widget_type=\"heading.default\">\n\t\t\t\t<div class=\"elementor-widget-container\">\n\t\t\t\t\t<h2 class=\"elementor-heading-title elementor-size-default\">About ROYAL PARCEL EXPRESS\n<\/h2>\t\t\t\t<\/div>\n\t\t\t\t<\/div>\n\t\t\t\t<div class=\"elementor-element elementor-element-8a7517f elementor-widget__width-initial elementor-widget-mobile__width-inherit elementor-widget elementor-widget-text-editor\" data-id=\"8a7517f\" data-element_type=\"widget\" data-widget_type=\"text-editor.default\">\n\t\t\t\t<div class=\"elementor-widget-container\">\n\t\t\t\t\t\t\t\t\tSeu Melhor Parceiro de Freight Forwarding na ROYAL PARCEL EXPRESS. Receba sua pr\u00f3xima remessa conosco.\t\t\t\t\t\t\t\t<\/div>\n\t\t\t\t<\/div>\n\t\t\t\t<\/div>\n\t\t\t\t<section class=\"elementor-section elementor-top-section elementor-element elementor-element-25bc77b8 elementor-reverse-mobile ct-section-stretched elementor-section-boxed elementor-section-height-default elementor-section-height-default\" data-id=\"25bc77b8\" data-element_type=\"section\" data-settings=\"{&quot;background_background&quot;:&quot;classic&quot;}\">\n\t\t\t\t\t\t<div class=\"elementor-container elementor-column-gap-default\">\n\t\t\t\t\t<div class=\"elementor-column elementor-col-50 elementor-top-column elementor-element elementor-element-7d7c7988\" data-id=\"7d7c7988\" data-element_type=\"column\">\n\t\t\t<div class=\"elementor-widget-wrap elementor-element-populated\">\n\t\t\t\t\t\t<div class=\"elementor-element elementor-element-528c6579 elementor-widget elementor-widget-heading\" data-id=\"528c6579\" data-element_type=\"widget\" data-widget_type=\"heading.default\">\n\t\t\t\t<div class=\"elementor-widget-container\">\n\t\t\t\t\t<h4 class=\"elementor-heading-title elementor-size-default\">Sobre mim<\/h4>\t\t\t\t<\/div>\n\t\t\t\t<\/div>\n\t\t\t\t<div class=\"elementor-element elementor-element-1940e6c9 elementor-widget elementor-widget-heading\" data-id=\"1940e6c9\" data-element_type=\"widget\" data-widget_type=\"heading.default\">\n\t\t\t\t<div class=\"elementor-widget-container\">\n\t\t\t\t\t<h2 class=\"elementor-heading-title elementor-size-default\">Sua principal empresa de log\u00edstica:\n<\/h2>\t\t\t\t<\/div>\n\t\t\t\t<\/div>\n\t\t\t\t<div class=\"elementor-element elementor-element-4eb5397a elementor-widget elementor-widget-text-editor\" data-id=\"4eb5397a\" data-element_type=\"widget\" data-widget_type=\"text-editor.default\">\n\t\t\t\t<div class=\"elementor-widget-container\">\n\t\t\t\t\t\t\t\t\t<h1 class=\"paddBottom45\"><span class=\"clrOrange\" style=\"color: #ffffff;\">ROYAL PARCEL EXPRESS Freight Forwarder<\/span><\/h1>\t\t\t\t\t\t\t\t<\/div>\n\t\t\t\t<\/div>\n\t\t\t\t<section class=\"elementor-section elementor-inner-section elementor-element elementor-element-15f2db70 elementor-section-boxed elementor-section-height-default elementor-section-height-default\" data-id=\"15f2db70\" data-element_type=\"section\">\n\t\t\t\t\t\t<div class=\"elementor-container elementor-column-gap-no\">\n\t\t\t\t\t<div class=\"elementor-column elementor-col-50 elementor-inner-column elementor-element elementor-element-1d1ff636\" data-id=\"1d1ff636\" data-element_type=\"column\">\n\t\t\t<div class=\"elementor-widget-wrap elementor-element-populated\">\n\t\t\t\t\t\t<div class=\"elementor-element elementor-element-64fbdbd3 elementor-widget elementor-widget-text-editor\" data-id=\"64fbdbd3\" data-element_type=\"widget\" data-widget_type=\"text-editor.default\">\n\t\t\t\t<div class=\"elementor-widget-container\">\n\t\t\t\t\t\t\t\t\t<p>O melhor agente de carga da ROYAL PARCEL EXPRESS para qualquer pa\u00eds.<\/p>\t\t\t\t\t\t\t\t<\/div>\n\t\t\t\t<\/div>\n\t\t\t\t<div class=\"elementor-element elementor-element-17731189 elementor-widget elementor-widget-text-editor\" data-id=\"17731189\" data-element_type=\"widget\" data-widget_type=\"text-editor.default\">\n\t\t\t\t<div class=\"elementor-widget-container\">\n\t\t\t\t\t\t\t\t\t<p>Oferecemos tarifas e servi\u00e7os de frete muito competitivos.<\/p>\t\t\t\t\t\t\t\t<\/div>\n\t\t\t\t<\/div>\n\t\t\t\t\t<\/div>\n\t\t<\/div>\n\t\t\t\t<div class=\"elementor-column elementor-col-50 elementor-inner-column elementor-element elementor-element-618d19e5\" data-id=\"618d19e5\" data-element_type=\"column\">\n\t\t\t<div class=\"elementor-widget-wrap elementor-element-populated\">\n\t\t\t\t\t\t<div class=\"elementor-element elementor-element-4b424a63 elementor-widget elementor-widget-text-editor\" data-id=\"4b424a63\" data-element_type=\"widget\" data-widget_type=\"text-editor.default\">\n\t\t\t\t<div class=\"elementor-widget-container\">\n\t\t\t\t\t\t\t\t\t<p>DY has been in the logistics industry for more than 10 years<\/p>\t\t\t\t\t\t\t\t<\/div>\n\t\t\t\t<\/div>\n\t\t\t\t<div class=\"elementor-element elementor-element-5dd1f884 elementor-widget elementor-widget-text-editor\" data-id=\"5dd1f884\" data-element_type=\"widget\" data-widget_type=\"text-editor.default\">\n\t\t\t\t<div class=\"elementor-widget-container\">\n\t\t\t\t\t\t\t\t\t<p>Somos um local \u00fanico para todas as suas necessidades de transporte da ROYAL PARCEL EXPRESS!<\/p>\t\t\t\t\t\t\t\t<\/div>\n\t\t\t\t<\/div>\n\t\t\t\t\t<\/div>\n\t\t<\/div>\n\t\t\t\t\t<\/div>\n\t\t<\/section>\n\t\t\t\t<div class=\"elementor-element elementor-element-4e77c9d2 elementor-align-left elementor-tablet-align-left elementor-widget elementor-widget-button\" data-id=\"4e77c9d2\" data-element_type=\"widget\" data-widget_type=\"button.default\">\n\t\t\t\t<div class=\"elementor-widget-container\">\n\t\t\t\t\t\t\t\t\t<div class=\"elementor-button-wrapper\">\n\t\t\t\t\t<a class=\"elementor-button elementor-button-link elementor-size-sm\" href=\"#\">\n\t\t\t\t\t\t<span class=\"elementor-button-content-wrapper\">\n\t\t\t\t\t\t\t\t\t<span class=\"elementor-button-text\">Obter uma cota\u00e7\u00e3o<\/span>\n\t\t\t\t\t<\/span>\n\t\t\t\t\t<\/a>\n\t\t\t\t<\/div>\n\t\t\t\t\t\t\t\t<\/div>\n\t\t\t\t<\/div>\n\t\t\t\t\t<\/div>\n\t\t<\/div>\n\t\t\t\t<div class=\"elementor-column elementor-col-50 elementor-top-column elementor-element elementor-element-454bb8bf\" data-id=\"454bb8bf\" data-element_type=\"column\">\n\t\t\t<div class=\"elementor-widget-wrap elementor-element-populated\">\n\t\t\t\t\t\t<div class=\"elementor-element elementor-element-3e75b2c elementor-widget elementor-widget-image\" data-id=\"3e75b2c\" data-element_type=\"widget\" data-widget_type=\"image.default\">\n\t\t\t\t<div class=\"elementor-widget-container\">\n\t\t\t\t\t\t\t\t\t\t\t\t\t\t\t<img fetchpriority=\"high\" decoding=\"async\" width=\"1128\" height=\"1692\" src=\"https:\/\/rpegroup.eu\/wp-content\/uploads\/2024\/11\/shutterstock_1119265685-LOGISTICA.2-scaled-1.jpg\" class=\"attachment-full size-full wp-image-2446\" alt=\"\" srcset=\"https:\/\/rpegroup.eu\/wp-content\/uploads\/2024\/11\/shutterstock_1119265685-LOGISTICA.2-scaled-1.jpg 1128w, https:\/\/rpegroup.eu\/wp-content\/uploads\/2024\/11\/shutterstock_1119265685-LOGISTICA.2-scaled-1-600x900.jpg 600w, https:\/\/rpegroup.eu\/wp-content\/uploads\/2024\/11\/shutterstock_1119265685-LOGISTICA.2-scaled-1-200x300.jpg 200w, https:\/\/rpegroup.eu\/wp-content\/uploads\/2024\/11\/shutterstock_1119265685-LOGISTICA.2-scaled-1-683x1024.jpg 683w, https:\/\/rpegroup.eu\/wp-content\/uploads\/2024\/11\/shutterstock_1119265685-LOGISTICA.2-scaled-1-768x1152.jpg 768w, https:\/\/rpegroup.eu\/wp-content\/uploads\/2024\/11\/shutterstock_1119265685-LOGISTICA.2-scaled-1-1024x1536.jpg 1024w\" sizes=\"(max-width: 1128px) 100vw, 1128px\" \/>\t\t\t\t\t\t\t\t\t\t\t\t\t\t\t<\/div>\n\t\t\t\t<\/div>\n\t\t\t\t\t<\/div>\n\t\t<\/div>\n\t\t\t\t\t<\/div>\n\t\t<\/section>\n\t\t<div class=\"elementor-element elementor-element-f8decee e-flex e-con-boxed e-con e-parent\" data-id=\"f8decee\" data-element_type=\"container\" data-settings=\"{&quot;background_background&quot;:&quot;gradient&quot;}\">\n\t\t\t\t\t<div class=\"e-con-inner\">\n\t\t\t\t<div class=\"elementor-element elementor-element-423e9d8f animated-slow elementor-invisible elementor-widget elementor-widget-heading\" data-id=\"423e9d8f\" data-element_type=\"widget\" data-settings=\"{&quot;_animation&quot;:&quot;slideInUp&quot;}\" data-widget_type=\"heading.default\">\n\t\t\t\t<div class=\"elementor-widget-container\">\n\t\t\t\t\t<h2 class=\"elementor-heading-title elementor-size-default\">Roteiro ROYAL PARCEL EXPRESS<\/h2>\t\t\t\t<\/div>\n\t\t\t\t<\/div>\n\t\t\t\t<div class=\"elementor-element elementor-element-2853e99c animated-slow elementor-invisible elementor-widget elementor-widget-heading\" data-id=\"2853e99c\" data-element_type=\"widget\" data-settings=\"{&quot;_animation&quot;:&quot;slideInUp&quot;}\" data-widget_type=\"heading.default\">\n\t\t\t\t<div class=\"elementor-widget-container\">\n\t\t\t\t\t<h2 class=\"elementor-heading-title elementor-size-default\">Envie mercadorias de qualquer lugar da ROYAL PARCEL EXPRESS para o mundo todo\n<\/h2>\t\t\t\t<\/div>\n\t\t\t\t<\/div>\n\t\t\t\t<div class=\"elementor-element elementor-element-eba2342 elementor-widget elementor-widget-ucaddon_timeline_bullets\" data-id=\"eba2342\" data-element_type=\"widget\" data-widget_type=\"ucaddon_timeline_bullets.default\">\n\t\t\t\t<div class=\"elementor-widget-container\">\n\t\t\t\t\t<!-- start Timeline Bullets -->\n\t\t<link id='font-awesome-css' href='https:\/\/rpegroup.eu\/wp-content\/plugins\/unlimited-elements-for-elementor-premium\/assets_libraries\/font-awesome5\/css\/fontawesome-all.min.css' type='text\/css' rel='stylesheet' >\n\t\t<link id='font-awesome-4-shim-css' href='https:\/\/rpegroup.eu\/wp-content\/plugins\/unlimited-elements-for-elementor-premium\/assets_libraries\/font-awesome5\/css\/fontawesome-v4-shims.css' type='text\/css' rel='stylesheet' >\n\n\t\t\t<style type=\"text\/css\">\/* widget: Timeline Bullets *\/\n\n\n\n#uc_timeline_bullets_elementor_eba2342 .ue_item{\n  display:flex;\n  position:relative;\n}\n\n#uc_timeline_bullets_elementor_eba2342 .ue_item_icon{ \n  display:flex;\n  align-items:center;\n  justify-content:center;\n  flex-grow:0;\n  flex-shrink:0;\n  line-height:1em;\n  overflow:hidden;\n}\n\n#uc_timeline_bullets_elementor_eba2342 .ue_item_icon img{\n  object-fit: cover;\n}\n\n#uc_timeline_bullets_elementor_eba2342 .ue_item_icon svg{ \n  height:1em;\n  width:1em;\n}\n\n#uc_timeline_bullets_elementor_eba2342 .ue_item_spacer{\n  flex-grow:0;\n  flex-shrink:0;\n}\n\n#uc_timeline_bullets_elementor_eba2342 .ue_item_hr_line{\n  flex-grow:0;\n  flex-shrink:0;\n}\n\n#uc_timeline_bullets_elementor_eba2342 .ue_item_vr_line{\n  height:100%;\n  position:absolute;\n  flex-grow:0;\n  flex-shrink:0;\n}\n\n#uc_timeline_bullets_elementor_eba2342 .ue_item_title, \n#uc_timeline_bullets_elementor_eba2342 .ue_item_text,\n#uc_timeline_bullets_elementor_eba2342 .ue_item_icon{\n  transition: all .3s ease-out;\n}\n\n.ue_item_title{\n  font-size:21px;\n}\n\n#uc_timeline_bullets_elementor_eba2342.uc-remote-parent .ue_item{\n  cursor:pointer;\n}\n\n<\/style>\n\n\t\t\t<div id=\"uc_timeline_bullets_elementor_eba2342\" class=\"uc-items-wrapper\"  >\n <div class=\"ue_item elementor-repeater-item-7added5\">\n    <div class=\"ue_item_vr_line\"><\/div>\n    <div class=\"ue_item_hr_line\"><\/div>\n    <div class=\"ue_item_icon\">\n                  <img decoding=\"async\" src=\"https:\/\/rpegroup.eu\/wp-content\/uploads\/2024\/11\/186462086_112021674410899_4220429626437776590_n-768x576.jpg\">     <\/div>\n    <div class=\"ue_item_spacer\"><\/div>\n    <div class=\"ue_item_content\">\n      <div class=\"ue_item_title\">2008 DY estabelecida em Shenzhen<\/div>      <div class=\"ue_item_text\">DY fundada em Shenzhen, ROYAL PARCEL EXPRESS, com 7 pessoas, incluindo o fundador Max\n<\/div>    <\/div>\n  <\/div>\n<div class=\"ue_item elementor-repeater-item-769f162\">\n    <div class=\"ue_item_vr_line\"><\/div>\n    <div class=\"ue_item_hr_line\"><\/div>\n    <div class=\"ue_item_icon\">\n                  <img decoding=\"async\" src=\"https:\/\/rpegroup.eu\/wp-content\/uploads\/2024\/11\/15n0-768x576.jpg\">     <\/div>\n    <div class=\"ue_item_spacer\"><\/div>\n    <div class=\"ue_item_content\">\n      <div class=\"ue_item_title\">2015 DY Obtenha NVOCC<\/div>      <div class=\"ue_item_text\">DY obt\u00e9m o NVOCC ap\u00f3s 7 anos de aumento\n<\/div>    <\/div>\n  <\/div>\n<div class=\"ue_item elementor-repeater-item-5dd7867\">\n    <div class=\"ue_item_vr_line\"><\/div>\n    <div class=\"ue_item_hr_line\"><\/div>\n    <div class=\"ue_item_icon\">\n                  <img decoding=\"async\" src=\"https:\/\/rpegroup.eu\/wp-content\/uploads\/2024\/11\/3014-768x576.jpg\">     <\/div>\n    <div class=\"ue_item_spacer\"><\/div>\n    <div class=\"ue_item_content\">\n      <div class=\"ue_item_title\">2021 DY Mais de 10 escrit\u00f3rios nas principais cidades da ROYAL PARCEL EXPRESS<\/div>      <div class=\"ue_item_text\">A DY criou escrit\u00f3rios nas principais cidades da ROYAL PARCEL EXPRESS, empregando mais de 200 pessoas\n<\/div>    <\/div>\n  <\/div>\n<div class=\"ue_item elementor-repeater-item-6f00bb2\">\n    <div class=\"ue_item_vr_line\"><\/div>\n    <div class=\"ue_item_hr_line\"><\/div>\n    <div class=\"ue_item_icon\">\n                  <img decoding=\"async\" src=\"https:\/\/rpegroup.eu\/wp-content\/uploads\/2024\/11\/6378590364263438934195650-768x576.jpg\">     <\/div>\n    <div class=\"ue_item_spacer\"><\/div>\n    <div class=\"ue_item_content\">\n      <div class=\"ue_item_title\">Hoje Ser o melhor despachante de cargas<\/div>      <div class=\"ue_item_text\">DY ser\u00e1 em breve o melhor despachante de cargas na ROYAL PARCEL EXPRESS\n<\/div>    <\/div>\n  <\/div>\n\n<\/div>\n\n<!-- -->\n\t\t\t<!-- end Timeline Bullets -->\t\t\t\t<\/div>\n\t\t\t\t<\/div>\n\t\t\t\t\t<\/div>\n\t\t\t\t<\/div>\n\t\t\t\t<section class=\"elementor-section elementor-top-section elementor-element elementor-element-1710062a ct-section-stretched elementor-section-boxed elementor-section-height-default elementor-section-height-default\" data-id=\"1710062a\" data-element_type=\"section\" data-settings=\"{&quot;background_background&quot;:&quot;classic&quot;}\">\n\t\t\t\t\t\t\t<div class=\"elementor-background-overlay\"><\/div>\n\t\t\t\t\t\t\t<div class=\"elementor-container elementor-column-gap-default\">\n\t\t\t\t\t<div class=\"elementor-column elementor-col-100 elementor-top-column elementor-element elementor-element-4fba4f6e\" data-id=\"4fba4f6e\" data-element_type=\"column\">\n\t\t\t<div class=\"elementor-widget-wrap elementor-element-populated\">\n\t\t\t\t\t\t<div class=\"elementor-element elementor-element-1171181f elementor-widget elementor-widget-heading\" data-id=\"1171181f\" data-element_type=\"widget\" data-widget_type=\"heading.default\">\n\t\t\t\t<div class=\"elementor-widget-container\">\n\t\t\t\t\t<h1 class=\"elementor-heading-title elementor-size-default\">Enviar produtos da ROYAL PARCEL EXPRESS est\u00e1 mais f\u00e1cil do que nunca.<\/h1>\t\t\t\t<\/div>\n\t\t\t\t<\/div>\n\t\t\t\t<div class=\"elementor-element elementor-element-4ccea13c elementor-widget elementor-widget-text-editor\" data-id=\"4ccea13c\" data-element_type=\"widget\" data-widget_type=\"text-editor.default\">\n\t\t\t\t<div class=\"elementor-widget-container\">\n\t\t\t\t\t\t\t\t\t<p>A DY est\u00e1 no setor de log\u00edstica h\u00e1 mais de 10 anos. Temos as melhores alian\u00e7as com muitas transportadoras e companhias a\u00e9reas, e recebemos taxas de contrato que est\u00e3o abaixo dos padr\u00f5es de mercado. Isso nos permite oferecer os servi\u00e7os de encaminhamento de carga mais acess\u00edveis da ROYAL PARCEL EXPRESS para qualquer pa\u00eds. Por mar, ar ou estrada.<\/p>\t\t\t\t\t\t\t\t<\/div>\n\t\t\t\t<\/div>\n\t\t\t\t<div class=\"elementor-element elementor-element-1f28c153 elementor-widget elementor-widget-text-editor\" data-id=\"1f28c153\" data-element_type=\"widget\" data-widget_type=\"text-editor.default\">\n\t\t\t\t<div class=\"elementor-widget-container\">\n\t\t\t\t\t\t\t\t\t<p><a class=\"wpil_keyword_link\" href=\"https:\/\/rpegroup.eu\/contact\"   title=\"Contate-nos\" data-wpil-keyword-link=\"linked\"  data-wpil-monitor-id=\"2010\">Contate-nos<\/a> para um or\u00e7amento para sua pr\u00f3xima remessa e deixe-nos abrir a porta para a ROYAL PARCEL EXPRESS para voc\u00ea.<\/p>\t\t\t\t\t\t\t\t<\/div>\n\t\t\t\t<\/div>\n\t\t\t\t\t<\/div>\n\t\t<\/div>\n\t\t\t\t\t<\/div>\n\t\t<\/section>\n\t\t\t\t<\/div>","protected":false},"excerpt":{"rendered":"<p>About ROYAL PARCEL EXPRESS Your Best Freight Forwarding Partner in ROYAL PARCEL EXPRESS. Receive your next shipment with us. About Me Your Premier Logistic Company : ROYAL PARCEL EXPRESS Freight Forwarder The best freight forwarder from ROYAL PARCEL EXPRESS to any country. We offer very competitive freight rates and services. DY has been in the [&hellip;]<\/p>","protected":false},"author":1,"featured_media":0,"parent":0,"menu_order":0,"comment_status":"closed","ping_status":"closed","template":"","meta":{"footnotes":""},"class_list":["post-1296","page","type-page","status-publish","hentry"],"blocksy_meta":{"styles_descriptor":{"styles":{"desktop":"","tablet":"","mobile":""},"google_fonts":[],"version":6},"page_title_panel":"","has_hero_section":"disabled","54e3e782743212c86bd72772a65ad834":"","hero_section":"type-1","hero_elements":[{"id":"custom_title","enabled":false,"heading_tag":"h1","title":"Lar","__id":"W29ARGquUmUcufaIOZ-Et"},{"id":"custom_description","enabled":true,"description_visibility":{"desktop":true,"tablet":true,"mobile":false},"__id":"dSGim1zjrHWKarpJVQ4d-"},{"id":"custom_meta","enabled":false,"meta_elements":[{"id":"author","enabled":true,"label":"By","has_author_avatar":"yes","avatar_size":25},{"id":"post_date","enabled":true,"label":"On","date_format_source":"default","date_format":"M j, Y"},{"id":"updated_date","enabled":false,"label":"On","date_format_source":"default","date_format":"M j, Y"},{"id":"categories","enabled":false,"label":"In","style":"simple"},{"id":"comments","enabled":true}],"page_meta_elements":{"joined":true,"articles_count":true,"comments":true},"__id":"kEXtA9QPuFyh14VCS_EkH"},{"id":"breadcrumbs","enabled":false,"__id":"k8b1W5lw56EG_yGPA_xVu"}],"18da79554178a1d4308110d7f3ab9cb6":"","hero_alignment1":"CT_CSS_SKIP_RULE","hero_margin":40,"hero_alignment2":"center","hero_vertical_alignment":"center","dbf5b8e1860399eeba62bc1beb060b3d":"","hero_structure":"narrow","09e58e37f0296477f24277e88a79eff4":"","page_title_bg_type":"featured_image","custom_hero_background":{"attachment_id":null},"page_title_image_size":"full","parallax":{"desktop":false,"tablet":false,"mobile":false},"cb42620d1181dab677965a3678c8446a":"","hero_height":"250px","pageTitleFont":{"family":"Default","variation":"Default","size":"30px","line-height":"CT_CSS_SKIP_RULE","letter-spacing":"CT_CSS_SKIP_RULE","text-transform":"CT_CSS_SKIP_RULE","text-decoration":"CT_CSS_SKIP_RULE"},"pageTitleFontColor":{"default":{"color":"CT_CSS_SKIP_RULEDEFAULT"}},"pageMetaFont":{"family":"Default","variation":"n6","size":"12px","line-height":"1.3","letter-spacing":"CT_CSS_SKIP_RULE","text-transform":"uppercase","text-decoration":"CT_CSS_SKIP_RULE"},"pageMetaFontColor":{"default":{"color":"CT_CSS_SKIP_RULEDEFAULT"},"hover":{"color":"CT_CSS_SKIP_RULEDEFAULT"}},"page_meta_button_type_font_colors":{"default":{"color":"CT_CSS_SKIP_RULEDEFAULT"},"hover":{"color":"CT_CSS_SKIP_RULEDEFAULT"}},"page_meta_button_type_background_colors":{"default":{"color":"CT_CSS_SKIP_RULEDEFAULT"},"hover":{"color":"CT_CSS_SKIP_RULEDEFAULT"}},"pageExcerptFont":{"family":"Default","variation":"Default","size":"CT_CSS_SKIP_RULE","line-height":"CT_CSS_SKIP_RULE","letter-spacing":"CT_CSS_SKIP_RULE","text-transform":"CT_CSS_SKIP_RULE","text-decoration":"CT_CSS_SKIP_RULE"},"pageExcerptColor":{"default":{"color":"CT_CSS_SKIP_RULEDEFAULT"}},"breadcrumbsFont":{"family":"Default","variation":"Default","size":"CT_CSS_SKIP_RULE","line-height":"CT_CSS_SKIP_RULE","letter-spacing":"CT_CSS_SKIP_RULE","text-transform":"CT_CSS_SKIP_RULE","text-decoration":"CT_CSS_SKIP_RULE"},"breadcrumbsFontColor":{"default":{"color":"CT_CSS_SKIP_RULEDEFAULT"},"initial":{"color":"CT_CSS_SKIP_RULEDEFAULT"},"hover":{"color":"CT_CSS_SKIP_RULEDEFAULT"}},"pageTitleOverlay":{"background_type":"color","background_pattern":"type-1","background_image":{"attachment_id":null,"x":0,"y":0},"gradient":"linear-gradient(135deg,rgba(6,147,227,1) 0%,rgb(155,81,224) 100%)","background_repeat":"repeat","background_size":"auto","background_attachment":"scroll","patternColor":{"default":{"color":"#e5e7ea"}},"overlayColor":{"default":{"color":"CT_CSS_SKIP_RULE"}},"backgroundColor":{"default":{"color":"CT_CSS_SKIP_RULE"}}},"pageTitleBackground":{"background_type":"color","background_pattern":"type-1","background_image":{"attachment_id":null,"x":0,"y":0},"gradient":"linear-gradient(135deg,rgba(6,147,227,1) 0%,rgb(155,81,224) 100%)","background_repeat":"repeat","background_size":"auto","background_attachment":"scroll","patternColor":{"default":{"color":"#e5e7ea"}},"overlayColor":{"default":{"color":"CT_CSS_SKIP_RULE"}},"backgroundColor":{"default":{"color":"var(--theme-palette-color-6)"}}},"pageTitlePadding":{"top":"50px","bottom":"50px","left":"auto","right":"auto","linked":true},"a0be8fb8055cfa2445cc2dad1caf71f0":"","page_structure_type":"default","db449d33bf95b7d374912e6fcffea82c":"","content_style_source":"inherit","content_style":"wide","vertical_spacing_source":"custom","content_area_spacing":"none","background":{"background_type":"color","background_pattern":"type-1","background_image":{"attachment_id":null,"x":0,"y":0},"gradient":"linear-gradient(135deg,rgba(6,147,227,1) 0%,rgb(155,81,224) 100%)","background_repeat":"repeat","background_size":"auto","background_attachment":"scroll","patternColor":{"default":{"color":"#e5e7ea"}},"overlayColor":{"default":{"color":"CT_CSS_SKIP_RULE"}},"backgroundColor":{"default":{"color":"CT_CSS_SKIP_RULE"}}},"content_background":{"background_type":"color","background_pattern":"type-1","background_image":{"attachment_id":null,"x":0,"y":0},"gradient":"linear-gradient(135deg,rgba(6,147,227,1) 0%,rgb(155,81,224) 100%)","background_repeat":"repeat","background_size":"auto","background_attachment":"scroll","patternColor":{"default":{"color":"#e5e7ea"}},"overlayColor":{"default":{"color":"CT_CSS_SKIP_RULE"}},"backgroundColor":{"default":{"color":"var(--theme-palette-color-8)"}}},"content_boxed_shadow":{"inherit":false,"blur":18,"spread":-6,"v_offset":12,"h_offset":0,"inset":false,"enable":true,"color":{"color":"rgba(34, 56, 101, 0.04)"}},"content_boxed_border":{"width":1,"style":"none","color":{"color":"rgba(44,62,80,0.2)"}},"content_boxed_radius":{"top":"3px","bottom":"3px","left":"3px","right":"3px","linked":true},"boxed_content_spacing":{"desktop":{"top":"40px","bottom":"40px","left":"40px","right":"40px","linked":true},"tablet":{"top":"35px","bottom":"35px","left":"35px","right":"35px","linked":true},"mobile":{"top":"20px","bottom":"20px","left":"20px","right":"20px","linked":true}},"46dff334b1af8946ca594935cd67b5af":"","disable_featured_image":"no","disable_share_box":"no","disable_header":"no","disable_footer":"no","b0f745439c257854d756699e01436585":"","f5a6b74b2f4caeda61dbda379f367624":"","f20906bd44ec99493ad0a4e298e16034":"","b9dc48eb0bd2ca22595b8cef5b0e513a":"","7023308919ad37cb83b33b2e61d0aaaa":"","61e1b11cca9658b0f00762854131921a":"","c0fddd0f4289ba59e888649169fd969f":"","c5f2b7a1bb018fa6c7bd14fa9d0561f9":""},"_links":{"self":[{"href":"https:\/\/rpegroup.eu\/pt\/wp-json\/wp\/v2\/pages\/1296","targetHints":{"allow":["GET"]}}],"collection":[{"href":"https:\/\/rpegroup.eu\/pt\/wp-json\/wp\/v2\/pages"}],"about":[{"href":"https:\/\/rpegroup.eu\/pt\/wp-json\/wp\/v2\/types\/page"}],"author":[{"embeddable":true,"href":"https:\/\/rpegroup.eu\/pt\/wp-json\/wp\/v2\/users\/1"}],"replies":[{"embeddable":true,"href":"https:\/\/rpegroup.eu\/pt\/wp-json\/wp\/v2\/comments?post=1296"}],"version-history":[{"count":0,"href":"https:\/\/rpegroup.eu\/pt\/wp-json\/wp\/v2\/pages\/1296\/revisions"}],"wp:attachment":[{"href":"https:\/\/rpegroup.eu\/pt\/wp-json\/wp\/v2\/media?parent=1296"}],"curies":[{"name":"wp","href":"https:\/\/api.w.org\/{rel}","templated":true}]}}