{"id":2506,"date":"2023-08-28T10:25:47","date_gmt":"2023-08-28T10:25:47","guid":{"rendered":"https:\/\/hsdgyl.com\/?page_id=3"},"modified":"2023-08-28T10:25:47","modified_gmt":"2023-08-28T10:25:47","slug":"politique-de-confidentialite","status":"publish","type":"page","link":"https:\/\/rpegroup.eu\/fr\/politique-de-confidentialite","title":{"rendered":"politique de confidentialit\u00e9"},"content":{"rendered":"<div data-elementor-type=\"wp-page\" data-elementor-id=\"2506\" class=\"elementor elementor-2506\" data-elementor-post-type=\"page\">\n\t\t\t\t\t\t<section class=\"elementor-section elementor-top-section elementor-element elementor-element-5e7427e7 elementor-section-boxed elementor-section-height-default elementor-section-height-default\" data-id=\"5e7427e7\" data-element_type=\"section\">\n\t\t\t\t\t\t<div class=\"elementor-container elementor-column-gap-default\">\n\t\t\t\t\t<div class=\"elementor-column elementor-col-100 elementor-top-column elementor-element elementor-element-293f2eac\" data-id=\"293f2eac\" data-element_type=\"column\">\n\t\t\t<div class=\"elementor-widget-wrap elementor-element-populated\">\n\t\t\t\t\t\t<div class=\"elementor-element elementor-element-62952d3e elementor-widget elementor-widget-text-editor\" data-id=\"62952d3e\" data-element_type=\"widget\" data-widget_type=\"text-editor.default\">\n\t\t\t\t<div class=\"elementor-widget-container\">\n\t\t\t\t\t\t\t\t\t\n<p>Bienvenue sur le site Web de HSD Logistics ! Nous nous engageons \u00e0 prot\u00e9ger la confidentialit\u00e9 de nos visiteurs gr\u00e2ce \u00e0 cette politique de confidentialit\u00e9. Veuillez vous assurer de lire l&#039;int\u00e9gralit\u00e9 de cette politique de confidentialit\u00e9 avant d&#039;utiliser ce site Web ou de nous fournir des informations. Cette politique de confidentialit\u00e9 est en cours d&#039;\u00e9laboration et sera mise \u00e0 jour de temps \u00e0 autre \u00e0 mesure que nous \u00e9largissons la port\u00e9e de nos services. Nous vous invitons \u00e0 revenir consulter cette politique \u00e0 tout moment.<\/p>\n<p><br \/>Consentement<\/p>\n<p>En utilisant ce site Web, vous acceptez les conditions g\u00e9n\u00e9rales \u00e9nonc\u00e9es dans la pr\u00e9sente politique de confidentialit\u00e9. Chaque fois que vous fournissez des informations via ce site Web, vous consentez \u00e0 la collecte, \u00e0 l&#039;utilisation et \u00e0 la divulgation de ces informations conform\u00e9ment \u00e0 la pr\u00e9sente politique de confidentialit\u00e9.<\/p>\n<p><br \/>Consid\u00e9rations sp\u00e9ciales pour les mineurs<\/p>\n<p>Si vous avez moins de 18 ans, vous n&#039;\u00eates pas autoris\u00e9 \u00e0 utiliser nos services et nous vous demandons de ne pas nous fournir d&#039;informations personnelles. Si vous avez moins de 18 ans, vous ne pouvez utiliser les Services qu&#039;en \u00e9tant accompagn\u00e9 d&#039;un parent ou d&#039;un tuteur.<\/p>\n<p><br \/>Nom d&#039;utilisateur et mot de passe<\/p>\n<p>Lorsque vous souhaitez vous inscrire en tant qu&#039;utilisateur, nous vous demandons de saisir un nom d&#039;utilisateur et un mot de passe, ainsi que de fournir des informations de v\u00e9rification de compte pour confirmer votre identit\u00e9. Vous ne pouvez utiliser votre compte qu&#039;avec votre mot de passe. Si vous divulguez votre mot de passe, vous risquez de perdre vos informations personnelles identifiables et cela peut entra\u00eener des cons\u00e9quences d\u00e9favorables pour vous. Par cons\u00e9quent, si pour une raison quelconque la s\u00e9curit\u00e9 de votre mot de passe est compromise, vous devez nous contacter imm\u00e9diatement via nos coordonn\u00e9es publi\u00e9es.<\/p>\n<p><br \/>Informations d&#039;inscription<\/p>\n<p>Lorsque vous vous inscrivez en tant qu&#039;utilisateur Shunyou, nous vous demandons de remplir un formulaire d&#039;inscription. Le formulaire d&#039;inscription demande des informations telles que votre vrai nom, votre adresse, votre num\u00e9ro de t\u00e9l\u00e9phone et votre adresse e-mail.<\/p>\n<p><br \/>Collecte automatique d&#039;informations<\/p>\n<p>Ce site Web peut recevoir et enregistrer automatiquement des informations sur votre navigateur et votre ordinateur, y compris votre adresse IP, les informations contenues dans les cookies sur ce site Web, des informations sur les fonctionnalit\u00e9s mat\u00e9rielles et logicielles et un enregistrement des pages que vous demandez.<\/p>\n<p><br \/>Utilisation des cookies<\/p>\n<p>Les cookies sont de petites quantit\u00e9s de donn\u00e9es qui sont envoy\u00e9es \u00e0 votre navigateur et stock\u00e9es sur le disque dur de votre ordinateur dans le cas o\u00f9 vous ne les refusez pas. Nous utilisons des cookies pour stocker des donn\u00e9es sur votre visite sur notre site Web afin que nous puissions vous reconna\u00eetre lorsque vous visitez ou revisitez notre site Web et analyser les donn\u00e9es pour vous fournir des services meilleurs et plus nombreux. Vous avez le droit de choisir d&#039;accepter ou de refuser les cookies, vous pouvez modifier les param\u00e8tres de votre navigateur pour refuser les cookies, mais nous tenons \u00e0 vous rappeler que parce que vous refusez les cookies, vous ne pourrez peut-\u00eatre pas utiliser certaines des fonctions de notre site Web qui reposent sur les cookies.<\/p>\n<p><br \/>Divulgation et utilisation des informations<\/p>\n<p>1. Nous ne fournirons, ne vendrons, ne louerons, ne partagerons et n&#039;\u00e9changerons pas les informations personnelles des utilisateurs \u00e0 des tiers non li\u00e9s.<\/p>\n<p>2\u3001You agree that we may disclose or use your personal information for the purpose of identifying and\/or confirming your identity, or resolving disputes, or to help ensure the security of the site, limit fraudulent, illegal or other criminal activity, to enforce our service agreement.<\/p>\n<p>3. Vous acceptez que nous puissions divulguer ou utiliser vos informations personnelles pour prot\u00e9ger votre vie, vos biens ou pour emp\u00eacher une atteinte grave aux droits et int\u00e9r\u00eats l\u00e9gitimes d&#039;autrui ou pour l&#039;int\u00e9r\u00eat public.<\/p>\n<p>4. Vous acceptez que nous puissions divulguer ou utiliser vos informations personnelles pour am\u00e9liorer nos services et pour rendre nos services plus conformes \u00e0 vos besoins, afin que vous obteniez une meilleure exp\u00e9rience lors de l&#039;utilisation de nos services.<\/p>\n<p>You agree that we may use your personal information to <a class=\"wpil_keyword_link\" href=\"https:\/\/rpegroup.eu\/contact\"   title=\"contact\" data-wpil-keyword-link=\"linked\"  data-wpil-monitor-id=\"1965\">contact<\/a> you and provide you with information of interest to you, such as product information. Your acceptance of the &#8220;Service Agreement&#8221; and this Privacy Policy is an express consent to receive such information.<\/p>\n<p>Nous divulguerons vos informations de bonne foi lorsque nous sommes contraints de le faire par la loi ou en r\u00e9ponse \u00e0 une demande du gouvernement.<\/p>\n<p>\u00a0<\/p>\n<p><br \/>Stockage et \u00e9change d&#039;informations<\/p>\n<p>Les informations et donn\u00e9es utilisateur collect\u00e9es seront stock\u00e9es sur les serveurs de ce site Web.<\/p>\n<p><br \/>Liens externes<\/p>\n<p>Ce site contient des liens vers d&#039;autres sites, ce site n&#039;est pas responsable des pratiques de confidentialit\u00e9 de ces sites, nous pouvons ajouter les sites de partenaires commerciaux \u00e0 tout moment selon les besoins.<\/p>\n<p><br \/>S\u00e9curit\u00e9<\/p>\n<p>Notre site a mis en place des mesures de s\u00e9curit\u00e9 pour garantir que les informations que nous d\u00e9tenons ne soient pas perdues, utilis\u00e9es \u00e0 mauvais escient ou alt\u00e9r\u00e9es. Ces mesures de s\u00e9curit\u00e9 comprennent la sauvegarde des donn\u00e9es sur d&#039;autres serveurs et le cryptage des mots de passe des utilisateurs. Bien que nous ayons mis en place ces mesures de s\u00e9curit\u00e9, veuillez noter qu&#039;il n&#039;existe pas de \u00ab s\u00e9curit\u00e9 parfaite \u00bb sur Internet.<\/p>\n<p><br \/>Contactez-nous<\/p>\n<p>Si vous avez des commentaires ou des suggestions concernant cette politique de confidentialit\u00e9 ou les pratiques de confidentialit\u00e9 de ce site Web, ou des questions sur votre utilisation de celui-ci, veuillez nous contacter.<\/p>\n<p>Liens de tiers<\/p>\n<p>Ce site Web peut contenir des liens vers des sites Web ou des sites tiers. L&#039;acc\u00e8s \u00e0 ces liens est \u00e0 la discr\u00e9tion de l&#039;utilisateur et Shunyou Logistics ne garantit pas l&#039;exactitude, l&#039;exhaustivit\u00e9, l&#039;ad\u00e9quation ou la fiabilit\u00e9 des informations, donn\u00e9es, opinions, graphiques, d\u00e9clarations ou recommandations fournies sur ces liens. ShunYou Logistics fournit ces liens uniquement pour votre commodit\u00e9 et n&#039;implique pas l&#039;approbation ou la recommandation par ShunYou Logistics de ces informations, ni leur destination \u00e0 des fins promotionnelles ou publicitaires.<\/p>\n<p>\u00a0<\/p>\n\t\t\t\t\t\t\t\t<\/div>\n\t\t\t\t<\/div>\n\t\t\t\t\t<\/div>\n\t\t<\/div>\n\t\t\t\t\t<\/div>\n\t\t<\/section>\n\t\t\t\t<\/div>","protected":false},"excerpt":{"rendered":"<p>Welcome to the HSD Logistics website! We are committed to protecting the privacy of our visitors with this Privacy Policy. Please be sure to read this entire Privacy Policy before using this website or providing information to us. This Privacy Policy is a work in progress and will be updated from time to time as [&hellip;]<\/p>","protected":false},"author":2,"featured_media":0,"parent":0,"menu_order":0,"comment_status":"closed","ping_status":"open","template":"","meta":{"footnotes":""},"class_list":["post-2506","page","type-page","status-publish","hentry"],"blocksy_meta":[],"_links":{"self":[{"href":"https:\/\/rpegroup.eu\/fr\/wp-json\/wp\/v2\/pages\/2506","targetHints":{"allow":["GET"]}}],"collection":[{"href":"https:\/\/rpegroup.eu\/fr\/wp-json\/wp\/v2\/pages"}],"about":[{"href":"https:\/\/rpegroup.eu\/fr\/wp-json\/wp\/v2\/types\/page"}],"author":[{"embeddable":true,"href":"https:\/\/rpegroup.eu\/fr\/wp-json\/wp\/v2\/users\/2"}],"replies":[{"embeddable":true,"href":"https:\/\/rpegroup.eu\/fr\/wp-json\/wp\/v2\/comments?post=2506"}],"version-history":[{"count":0,"href":"https:\/\/rpegroup.eu\/fr\/wp-json\/wp\/v2\/pages\/2506\/revisions"}],"wp:attachment":[{"href":"https:\/\/rpegroup.eu\/fr\/wp-json\/wp\/v2\/media?parent=2506"}],"curies":[{"name":"wp","href":"https:\/\/api.w.org\/{rel}","templated":true}]}}